{"id":3506,"date":"2026-02-20T10:40:04","date_gmt":"2026-02-20T09:40:04","guid":{"rendered":"https:\/\/herbezou.fr\/?post_type=product&#038;p=3506"},"modified":"2026-02-20T10:44:31","modified_gmt":"2026-02-20T09:44:31","slug":"tilleul-verveine","status":"publish","type":"product","link":"https:\/\/herbezou.fr\/?product=tilleul-verveine","title":{"rendered":"Tilleul \/ Verveine"},"content":{"rendered":"","protected":false},"excerpt":{"rendered":"<h3>Bract\u00e9es de Tilleul, Feuilles de Verveine<\/h3>\n<p>&nbsp;<\/p>\n<p>infusion relaxante<\/p>\n<p>\u00e0 boire tout au long de la journ\u00e9e, chaud ou froid comme du th\u00e9 glac\u00e9<\/p>\n<p><em>conseil de pr\u00e9paration\u00a0 :\u00a0 mettre les plantes dans l&rsquo;eau froide, faire chauffer le tout jusqu&rsquo;\u00e0 fr\u00e9missement, laisser infuser 5 \u00e0 10 minutes, filtrer<\/em><\/p>\n<p>&nbsp;<\/p>\n<p>petit sachet : 20g &#8211; soit environ 5 litres de tisane<\/p>\n<p>grand sachet : 40g &#8211; soit environ 10 litres de tisane<\/p>\n","protected":false},"featured_media":3509,"comment_status":"closed","ping_status":"closed","template":"","meta":[],"product_brand":[],"product_cat":[70,85,15],"product_tag":[],"class_list":{"0":"post-3506","1":"product","2":"type-product","3":"status-publish","4":"has-post-thumbnail","6":"product_cat-infusions-plaisirs","7":"product_cat-infusions-bien-etre","8":"product_cat-non-classe","10":"first","11":"onbackorder","12":"featured","13":"shipping-taxable","14":"purchasable","15":"product-type-variable","16":"has-default-attributes"},"jetpack_sharing_enabled":true,"_links":{"self":[{"href":"https:\/\/herbezou.fr\/index.php?rest_route=\/wp\/v2\/product\/3506","targetHints":{"allow":["GET"]}}],"collection":[{"href":"https:\/\/herbezou.fr\/index.php?rest_route=\/wp\/v2\/product"}],"about":[{"href":"https:\/\/herbezou.fr\/index.php?rest_route=\/wp\/v2\/types\/product"}],"replies":[{"embeddable":true,"href":"https:\/\/herbezou.fr\/index.php?rest_route=%2Fwp%2Fv2%2Fcomments&post=3506"}],"wp:featuredmedia":[{"embeddable":true,"href":"https:\/\/herbezou.fr\/index.php?rest_route=\/wp\/v2\/media\/3509"}],"wp:attachment":[{"href":"https:\/\/herbezou.fr\/index.php?rest_route=%2Fwp%2Fv2%2Fmedia&parent=3506"}],"wp:term":[{"taxonomy":"product_brand","embeddable":true,"href":"https:\/\/herbezou.fr\/index.php?rest_route=%2Fwp%2Fv2%2Fproduct_brand&post=3506"},{"taxonomy":"product_cat","embeddable":true,"href":"https:\/\/herbezou.fr\/index.php?rest_route=%2Fwp%2Fv2%2Fproduct_cat&post=3506"},{"taxonomy":"product_tag","embeddable":true,"href":"https:\/\/herbezou.fr\/index.php?rest_route=%2Fwp%2Fv2%2Fproduct_tag&post=3506"}],"curies":[{"name":"wp","href":"https:\/\/api.w.org\/{rel}","templated":true}]}}