{"id":3478,"date":"2026-01-10T17:16:09","date_gmt":"2026-01-10T16:16:09","guid":{"rendered":"https:\/\/herbezou.fr\/?post_type=product&#038;p=3478"},"modified":"2026-01-10T17:26:37","modified_gmt":"2026-01-10T16:26:37","slug":"pleurote","status":"publish","type":"product","link":"https:\/\/herbezou.fr\/?product=pleurote","title":{"rendered":"Pleurote"},"content":{"rendered":"","protected":false},"excerpt":{"rendered":"<h3><em>Pleurotus sp<\/em><\/h3>\n<p>Pleurotes cultiv\u00e9es sur b\u00fbches en pleine for\u00eat aveyronnaise<\/p>\n<p><em>conseil de pr\u00e9paration\u00a0 :\u00a0 faire tremper les champignons dans l&rsquo;eau 15 minutes avant utilisation<\/em><\/p>\n<p>petit sachet : 25g &#8211; soit environ 300g de champignons frais<\/p>\n<p>grand sachet : 50g &#8211; soit environ 600g de champignons frais<\/p>\n","protected":false},"featured_media":3481,"comment_status":"closed","ping_status":"closed","template":"","meta":[],"product_brand":[],"product_cat":[91,94,15],"product_tag":[],"class_list":{"0":"post-3478","1":"product","2":"type-product","3":"status-publish","4":"has-post-thumbnail","6":"product_cat-plantes-simples","7":"product_cat-champignons","8":"product_cat-non-classe","10":"first","11":"onbackorder","12":"featured","13":"shipping-taxable","14":"purchasable","15":"product-type-variable","16":"has-default-attributes"},"jetpack_sharing_enabled":true,"_links":{"self":[{"href":"https:\/\/herbezou.fr\/index.php?rest_route=\/wp\/v2\/product\/3478","targetHints":{"allow":["GET"]}}],"collection":[{"href":"https:\/\/herbezou.fr\/index.php?rest_route=\/wp\/v2\/product"}],"about":[{"href":"https:\/\/herbezou.fr\/index.php?rest_route=\/wp\/v2\/types\/product"}],"replies":[{"embeddable":true,"href":"https:\/\/herbezou.fr\/index.php?rest_route=%2Fwp%2Fv2%2Fcomments&post=3478"}],"wp:featuredmedia":[{"embeddable":true,"href":"https:\/\/herbezou.fr\/index.php?rest_route=\/wp\/v2\/media\/3481"}],"wp:attachment":[{"href":"https:\/\/herbezou.fr\/index.php?rest_route=%2Fwp%2Fv2%2Fmedia&parent=3478"}],"wp:term":[{"taxonomy":"product_brand","embeddable":true,"href":"https:\/\/herbezou.fr\/index.php?rest_route=%2Fwp%2Fv2%2Fproduct_brand&post=3478"},{"taxonomy":"product_cat","embeddable":true,"href":"https:\/\/herbezou.fr\/index.php?rest_route=%2Fwp%2Fv2%2Fproduct_cat&post=3478"},{"taxonomy":"product_tag","embeddable":true,"href":"https:\/\/herbezou.fr\/index.php?rest_route=%2Fwp%2Fv2%2Fproduct_tag&post=3478"}],"curies":[{"name":"wp","href":"https:\/\/api.w.org\/{rel}","templated":true}]}}