{"id":3472,"date":"2026-01-10T17:06:32","date_gmt":"2026-01-10T16:06:32","guid":{"rendered":"https:\/\/herbezou.fr\/?post_type=product&#038;p=3472"},"modified":"2026-01-10T17:10:55","modified_gmt":"2026-01-10T16:10:55","slug":"rose-hibiscus","status":"publish","type":"product","link":"https:\/\/herbezou.fr\/?product=rose-hibiscus","title":{"rendered":"Rose \/ Hibiscus"},"content":{"rendered":"","protected":false},"excerpt":{"rendered":"<h3>Fleurs de Roses, Calices d&rsquo;Hibiscus<\/h3>\n<p>&nbsp;<\/p>\n<p>\u00e0 boire tout au long de la journ\u00e9e, chaud ou froid comme du th\u00e9 glac\u00e9<\/p>\n<p><em>conseil de pr\u00e9paration\u00a0 :\u00a0 mettre les plantes dans l&rsquo;eau froide, faire chauffer le tout jusqu&rsquo;\u00e0 fr\u00e9missement, laisser infuser 5 \u00e0 10 minutes, filtrer<\/em><\/p>\n<p>&nbsp;<\/p>\n<p>petit sachet : 30g &#8211; soit environ 5 litres de tisane<\/p>\n<p>grand sachet : 60g &#8211; soit environ 10 litres de tisane<\/p>\n","protected":false},"featured_media":3475,"comment_status":"closed","ping_status":"closed","template":"","meta":[],"product_brand":[],"product_cat":[70],"product_tag":[],"class_list":{"0":"post-3472","1":"product","2":"type-product","3":"status-publish","4":"has-post-thumbnail","6":"product_cat-infusions-plaisirs","8":"first","9":"onbackorder","10":"featured","11":"shipping-taxable","12":"purchasable","13":"product-type-variable","14":"has-default-attributes"},"jetpack_sharing_enabled":true,"_links":{"self":[{"href":"https:\/\/herbezou.fr\/index.php?rest_route=\/wp\/v2\/product\/3472","targetHints":{"allow":["GET"]}}],"collection":[{"href":"https:\/\/herbezou.fr\/index.php?rest_route=\/wp\/v2\/product"}],"about":[{"href":"https:\/\/herbezou.fr\/index.php?rest_route=\/wp\/v2\/types\/product"}],"replies":[{"embeddable":true,"href":"https:\/\/herbezou.fr\/index.php?rest_route=%2Fwp%2Fv2%2Fcomments&post=3472"}],"wp:featuredmedia":[{"embeddable":true,"href":"https:\/\/herbezou.fr\/index.php?rest_route=\/wp\/v2\/media\/3475"}],"wp:attachment":[{"href":"https:\/\/herbezou.fr\/index.php?rest_route=%2Fwp%2Fv2%2Fmedia&parent=3472"}],"wp:term":[{"taxonomy":"product_brand","embeddable":true,"href":"https:\/\/herbezou.fr\/index.php?rest_route=%2Fwp%2Fv2%2Fproduct_brand&post=3472"},{"taxonomy":"product_cat","embeddable":true,"href":"https:\/\/herbezou.fr\/index.php?rest_route=%2Fwp%2Fv2%2Fproduct_cat&post=3472"},{"taxonomy":"product_tag","embeddable":true,"href":"https:\/\/herbezou.fr\/index.php?rest_route=%2Fwp%2Fv2%2Fproduct_tag&post=3472"}],"curies":[{"name":"wp","href":"https:\/\/api.w.org\/{rel}","templated":true}]}}