{"id":3364,"date":"2023-01-14T10:14:14","date_gmt":"2023-01-14T09:14:14","guid":{"rendered":"https:\/\/herbezou.fr\/?post_type=product&#038;p=3364"},"modified":"2024-09-12T10:55:01","modified_gmt":"2024-09-12T08:55:01","slug":"pack-decouverte-cuisine-aromatique","status":"publish","type":"product","link":"https:\/\/herbezou.fr\/?product=pack-decouverte-cuisine-aromatique","title":{"rendered":"Pack D\u00e9couverte Cuisine Aromatique"},"content":{"rendered":"","protected":false},"excerpt":{"rendered":"<h3>Lot de 4 pots<\/h3>\n<h4>Ail des Ours &amp; sel marin :<\/h4>\n<p>une touche d&rsquo;ail tout en douceur. Ce sont les feuilles de cet Allium qui sont r\u00e9colt\u00e9es au printemps, s\u00e9ch\u00e9es et m\u00e9lang\u00e9es au sel. Les Ours se gavent de ces tapis de feuilles pour se purifier \u00e0 la sortie de l&rsquo;hiver, d&rsquo;o\u00f9 son nom Allium ursinum.<\/p>\n<h4>Ortie &amp; sel marin :<\/h4>\n<p>doux, malgr\u00e8s ses piquants l&rsquo;ortie est l&rsquo;alli\u00e9 du sang, m\u00e9lang\u00e9 au sel il s&rsquo;utilise simplement, en s&rsquo;ins\u00e9rant dans votre cuisine.<\/p>\n<h4>Bouquet Garni:<\/h4>\n<p>M\u00e9lange pratique de feuilles s\u00e9ch\u00e9es et coup\u00e9es pour assaisonner vos plats pr\u00e9f\u00e9r\u00e9s !<\/p>\n<p>Laurier, Thym, Romarin et Sauge : l&rsquo;essentiel du Bouquet Garni traditionnel conditionn\u00e9 en pot pour plus de simplicit\u00e9.<br \/>\nen pinc\u00e9e ou \u00e0 la petite cuill\u00e8re, \u00e0 utiliser pour la cuisson des plats mijot\u00e9s, grill\u00e9s, po\u00eal\u00e9s ou enfourn\u00e9s..<\/p>\n<h4>Salade Fleurie :<\/h4>\n<p>m\u00e9lange de fleurs comestibles pour d\u00e9corer et aromatiser vos plats pr\u00e9f\u00e9r\u00e9s !<br \/>\nm\u00e9langes de p\u00e9tales de roses, soucis et bleuet<br \/>\n\u00e0 utiliser en sal\u00e9 ou en sucr\u00e9, ou sur du fromage de ch\u00e8vre frais<\/p>\n<p>&nbsp;<\/p>\n<p>conditionnement :<\/p>\n<p>Pack D\u00e9couverte : 4 pots de 40ml<\/p>\n<p>&nbsp;<\/p>\n","protected":false},"featured_media":3365,"comment_status":"closed","ping_status":"closed","template":"","meta":[],"product_brand":[],"product_cat":[88,92],"product_tag":[],"class_list":{"0":"post-3364","1":"product","2":"type-product","3":"status-publish","4":"has-post-thumbnail","6":"product_cat-aromatiques-cuisine","7":"product_cat-pack-promo","9":"first","10":"onbackorder","11":"featured","12":"shipping-taxable","13":"purchasable","14":"product-type-simple"},"jetpack_sharing_enabled":true,"_links":{"self":[{"href":"https:\/\/herbezou.fr\/index.php?rest_route=\/wp\/v2\/product\/3364","targetHints":{"allow":["GET"]}}],"collection":[{"href":"https:\/\/herbezou.fr\/index.php?rest_route=\/wp\/v2\/product"}],"about":[{"href":"https:\/\/herbezou.fr\/index.php?rest_route=\/wp\/v2\/types\/product"}],"replies":[{"embeddable":true,"href":"https:\/\/herbezou.fr\/index.php?rest_route=%2Fwp%2Fv2%2Fcomments&post=3364"}],"wp:featuredmedia":[{"embeddable":true,"href":"https:\/\/herbezou.fr\/index.php?rest_route=\/wp\/v2\/media\/3365"}],"wp:attachment":[{"href":"https:\/\/herbezou.fr\/index.php?rest_route=%2Fwp%2Fv2%2Fmedia&parent=3364"}],"wp:term":[{"taxonomy":"product_brand","embeddable":true,"href":"https:\/\/herbezou.fr\/index.php?rest_route=%2Fwp%2Fv2%2Fproduct_brand&post=3364"},{"taxonomy":"product_cat","embeddable":true,"href":"https:\/\/herbezou.fr\/index.php?rest_route=%2Fwp%2Fv2%2Fproduct_cat&post=3364"},{"taxonomy":"product_tag","embeddable":true,"href":"https:\/\/herbezou.fr\/index.php?rest_route=%2Fwp%2Fv2%2Fproduct_tag&post=3364"}],"curies":[{"name":"wp","href":"https:\/\/api.w.org\/{rel}","templated":true}]}}