{"id":3159,"date":"2021-11-06T19:38:00","date_gmt":"2021-11-06T18:38:00","guid":{"rendered":"http:\/\/herbezou.fr\/?post_type=product&#038;p=3159"},"modified":"2023-01-21T14:39:13","modified_gmt":"2023-01-21T13:39:13","slug":"verveine-hibiscus","status":"publish","type":"product","link":"https:\/\/herbezou.fr\/?product=verveine-hibiscus","title":{"rendered":"Verveine \/ Hibiscus"},"content":{"rendered":"","protected":false},"excerpt":{"rendered":"<h3>feuilles de verveine, calice d&rsquo;hibiscus<\/h3>\n<h4><\/h4>\n<p>Infusion l\u00e9g\u00e8rement acidul\u00e9e, rafraichissante<\/p>\n<p>\u00e0 boire tout au long de la journ\u00e9e, chaud ou froid comme du th\u00e9 glac\u00e9<\/p>\n<h4><\/h4>\n<p>&nbsp;<\/p>\n<p>petit sachet : 25g &#8211; soit environ 5 litres de tisane<\/p>\n<p>grand sachet : 50g &#8211; soit environ 10 litres de tisane<\/p>\n","protected":false},"featured_media":3182,"comment_status":"closed","ping_status":"closed","template":"","meta":[],"product_brand":[],"product_cat":[70],"product_tag":[],"class_list":{"0":"post-3159","1":"product","2":"type-product","3":"status-publish","4":"has-post-thumbnail","6":"product_cat-infusions-plaisirs","8":"first","9":"onbackorder","10":"featured","11":"shipping-taxable","12":"purchasable","13":"product-type-variable","14":"has-default-attributes"},"jetpack_sharing_enabled":true,"_links":{"self":[{"href":"https:\/\/herbezou.fr\/index.php?rest_route=\/wp\/v2\/product\/3159","targetHints":{"allow":["GET"]}}],"collection":[{"href":"https:\/\/herbezou.fr\/index.php?rest_route=\/wp\/v2\/product"}],"about":[{"href":"https:\/\/herbezou.fr\/index.php?rest_route=\/wp\/v2\/types\/product"}],"replies":[{"embeddable":true,"href":"https:\/\/herbezou.fr\/index.php?rest_route=%2Fwp%2Fv2%2Fcomments&post=3159"}],"wp:featuredmedia":[{"embeddable":true,"href":"https:\/\/herbezou.fr\/index.php?rest_route=\/wp\/v2\/media\/3182"}],"wp:attachment":[{"href":"https:\/\/herbezou.fr\/index.php?rest_route=%2Fwp%2Fv2%2Fmedia&parent=3159"}],"wp:term":[{"taxonomy":"product_brand","embeddable":true,"href":"https:\/\/herbezou.fr\/index.php?rest_route=%2Fwp%2Fv2%2Fproduct_brand&post=3159"},{"taxonomy":"product_cat","embeddable":true,"href":"https:\/\/herbezou.fr\/index.php?rest_route=%2Fwp%2Fv2%2Fproduct_cat&post=3159"},{"taxonomy":"product_tag","embeddable":true,"href":"https:\/\/herbezou.fr\/index.php?rest_route=%2Fwp%2Fv2%2Fproduct_tag&post=3159"}],"curies":[{"name":"wp","href":"https:\/\/api.w.org\/{rel}","templated":true}]}}