{"id":3141,"date":"2022-05-01T19:29:11","date_gmt":"2022-05-01T17:29:11","guid":{"rendered":"http:\/\/herbezou.fr\/?post_type=product&#038;p=3141"},"modified":"2023-01-21T14:26:51","modified_gmt":"2023-01-21T13:26:51","slug":"printemps-foie","status":"publish","type":"product","link":"https:\/\/herbezou.fr\/?product=printemps-foie","title":{"rendered":"Printemps &#8211; Foie"},"content":{"rendered":"","protected":false},"excerpt":{"rendered":"<h3>Feuilles de Romarin, d&rsquo;Ortie, Fleurs d&rsquo;Achill\u00e9e Millefeuille, baie de Gen\u00e9vrier, semence de Fenouil<\/h3>\n<p>Purifie l&rsquo;organisme et le dynamise<br \/>\nD\u00e9tox compl\u00e8te<\/p>\n<p>En m\u00e9decine chinoise, chaque organe est associ\u00e9 \u00e0 une saison, le foie est li\u00e9 au printemps,<\/p>\n<p>cette infusion est \u00e0 boire au printemps, mais aussi tout au long de l&rsquo;ann\u00e9e pour le maintien en bonne sant\u00e9.<\/p>\n<p>&nbsp;<\/p>\n<p>petit sachet : 30g &#8211; soit environ 5 litres de tisane<\/p>\n<p>grand sachet : 60g &#8211; soit environ 10 litres de tisane<\/p>\n","protected":false},"featured_media":3224,"comment_status":"closed","ping_status":"closed","template":"","meta":[],"product_brand":[],"product_cat":[89],"product_tag":[],"class_list":{"0":"post-3141","1":"product","2":"type-product","3":"status-publish","4":"has-post-thumbnail","6":"product_cat-infusions-4-saisons","8":"first","9":"onbackorder","10":"featured","11":"shipping-taxable","12":"purchasable","13":"product-type-variable","14":"has-default-attributes"},"jetpack_sharing_enabled":true,"_links":{"self":[{"href":"https:\/\/herbezou.fr\/index.php?rest_route=\/wp\/v2\/product\/3141","targetHints":{"allow":["GET"]}}],"collection":[{"href":"https:\/\/herbezou.fr\/index.php?rest_route=\/wp\/v2\/product"}],"about":[{"href":"https:\/\/herbezou.fr\/index.php?rest_route=\/wp\/v2\/types\/product"}],"replies":[{"embeddable":true,"href":"https:\/\/herbezou.fr\/index.php?rest_route=%2Fwp%2Fv2%2Fcomments&post=3141"}],"wp:featuredmedia":[{"embeddable":true,"href":"https:\/\/herbezou.fr\/index.php?rest_route=\/wp\/v2\/media\/3224"}],"wp:attachment":[{"href":"https:\/\/herbezou.fr\/index.php?rest_route=%2Fwp%2Fv2%2Fmedia&parent=3141"}],"wp:term":[{"taxonomy":"product_brand","embeddable":true,"href":"https:\/\/herbezou.fr\/index.php?rest_route=%2Fwp%2Fv2%2Fproduct_brand&post=3141"},{"taxonomy":"product_cat","embeddable":true,"href":"https:\/\/herbezou.fr\/index.php?rest_route=%2Fwp%2Fv2%2Fproduct_cat&post=3141"},{"taxonomy":"product_tag","embeddable":true,"href":"https:\/\/herbezou.fr\/index.php?rest_route=%2Fwp%2Fv2%2Fproduct_tag&post=3141"}],"curies":[{"name":"wp","href":"https:\/\/api.w.org\/{rel}","templated":true}]}}