{"id":3138,"date":"2022-05-04T19:32:24","date_gmt":"2022-05-04T17:32:24","guid":{"rendered":"http:\/\/herbezou.fr\/?post_type=product&#038;p=3138"},"modified":"2026-01-10T16:26:49","modified_gmt":"2026-01-10T15:26:49","slug":"hiver-rein","status":"publish","type":"product","link":"https:\/\/herbezou.fr\/?product=hiver-rein","title":{"rendered":"Hiver &#8211; Rein"},"content":{"rendered":"","protected":false},"excerpt":{"rendered":"<h3>Fleurs de Sureau, Bruy\u00e8re, Reine des Pr\u00e8s, feuilles de Thym, Origan, Ortie, baie de Gen\u00e9vrier<\/h3>\n<p>Prot\u00e8ge le syst\u00e8me urinaire.<br \/>\nRenforce les d\u00e9fenses naturelles.<br \/>\nEn m\u00e9decine chinoise, chaque organe est associ\u00e9 \u00e0 une saison, le rein est li\u00e9 \u00e0 l&rsquo;hiver, cette infusion est \u00e0 boire \u00e0 l&rsquo;hiver, mais aussi tout au long de l&rsquo;ann\u00e9e pour le maintien en bonne sant\u00e9.<\/p>\n<p><em>conseil de pr\u00e9paration\u00a0 :\u00a0 mettre les plantes dans l&rsquo;eau froide, faire chauffer le tout jusqu&rsquo;\u00e0 fr\u00e9missement, laisser infuser 5 \u00e0 10 minutes, filtrer<\/em><\/p>\n<p><em>\u00e0 consommer chaud ou froid comme du th\u00e9 glac\u00e9<\/em><\/p>\n<p>petit sachet : 30g &#8211; soit environ 5 litres de tisane<\/p>\n<p>grand sachet : 60g &#8211; soit environ 10 litres de tisane<\/p>\n","protected":false},"featured_media":3454,"comment_status":"closed","ping_status":"closed","template":"","meta":[],"product_brand":[],"product_cat":[89],"product_tag":[],"class_list":{"0":"post-3138","1":"product","2":"type-product","3":"status-publish","4":"has-post-thumbnail","6":"product_cat-infusions-4-saisons","8":"first","9":"onbackorder","10":"featured","11":"shipping-taxable","12":"purchasable","13":"product-type-variable","14":"has-default-attributes"},"jetpack_sharing_enabled":true,"_links":{"self":[{"href":"https:\/\/herbezou.fr\/index.php?rest_route=\/wp\/v2\/product\/3138","targetHints":{"allow":["GET"]}}],"collection":[{"href":"https:\/\/herbezou.fr\/index.php?rest_route=\/wp\/v2\/product"}],"about":[{"href":"https:\/\/herbezou.fr\/index.php?rest_route=\/wp\/v2\/types\/product"}],"replies":[{"embeddable":true,"href":"https:\/\/herbezou.fr\/index.php?rest_route=%2Fwp%2Fv2%2Fcomments&post=3138"}],"wp:featuredmedia":[{"embeddable":true,"href":"https:\/\/herbezou.fr\/index.php?rest_route=\/wp\/v2\/media\/3454"}],"wp:attachment":[{"href":"https:\/\/herbezou.fr\/index.php?rest_route=%2Fwp%2Fv2%2Fmedia&parent=3138"}],"wp:term":[{"taxonomy":"product_brand","embeddable":true,"href":"https:\/\/herbezou.fr\/index.php?rest_route=%2Fwp%2Fv2%2Fproduct_brand&post=3138"},{"taxonomy":"product_cat","embeddable":true,"href":"https:\/\/herbezou.fr\/index.php?rest_route=%2Fwp%2Fv2%2Fproduct_cat&post=3138"},{"taxonomy":"product_tag","embeddable":true,"href":"https:\/\/herbezou.fr\/index.php?rest_route=%2Fwp%2Fv2%2Fproduct_tag&post=3138"}],"curies":[{"name":"wp","href":"https:\/\/api.w.org\/{rel}","templated":true}]}}