{"id":3135,"date":"2022-05-03T19:31:47","date_gmt":"2022-05-03T17:31:47","guid":{"rendered":"http:\/\/herbezou.fr\/?post_type=product&#038;p=3135"},"modified":"2026-01-10T16:29:55","modified_gmt":"2026-01-10T15:29:55","slug":"automne-poumon","status":"publish","type":"product","link":"https:\/\/herbezou.fr\/?product=automne-poumon","title":{"rendered":"Automne &#8211; Poumon"},"content":{"rendered":"","protected":false},"excerpt":{"rendered":"<h3>Feuilles de Thym, Eucalyptus, Romarin, Ortie, Lierre Terrestre, Origan, baie de Gen\u00e9vrier<\/h3>\n<p>Confort du syst\u00e8me respiratoire.<br \/>\nTisane Tonique et Protectrice<br \/>\nEn m\u00e9decine chinoise, chaque organe est associ\u00e9 \u00e0 une saison, le poumon est li\u00e9 \u00e0 l&rsquo;automne, cette infusion est \u00e0 boire \u00e0 l&rsquo;automne, mais aussi tout au long de l&rsquo;ann\u00e9e pour le maintien en bonne sant\u00e9<\/p>\n<p><em>conseil de pr\u00e9paration\u00a0 :\u00a0 mettre les plantes dans l&rsquo;eau froide, faire chauffer le tout jusqu&rsquo;\u00e0 fr\u00e9missement, laisser infuser 5 \u00e0 10 minutes, filtrer<\/em><\/p>\n<p>petit sachet : 30g &#8211; soit environ 5 litres de tisane<\/p>\n<p>grand sachet : 60g &#8211; soit environ 10 litres de tisane<\/p>\n","protected":false},"featured_media":3456,"comment_status":"open","ping_status":"closed","template":"","meta":[],"product_brand":[],"product_cat":[89],"product_tag":[],"class_list":{"0":"post-3135","1":"product","2":"type-product","3":"status-publish","4":"has-post-thumbnail","6":"product_cat-infusions-4-saisons","8":"first","9":"onbackorder","10":"featured","11":"shipping-taxable","12":"purchasable","13":"product-type-variable","14":"has-default-attributes"},"jetpack_sharing_enabled":true,"_links":{"self":[{"href":"https:\/\/herbezou.fr\/index.php?rest_route=\/wp\/v2\/product\/3135","targetHints":{"allow":["GET"]}}],"collection":[{"href":"https:\/\/herbezou.fr\/index.php?rest_route=\/wp\/v2\/product"}],"about":[{"href":"https:\/\/herbezou.fr\/index.php?rest_route=\/wp\/v2\/types\/product"}],"replies":[{"embeddable":true,"href":"https:\/\/herbezou.fr\/index.php?rest_route=%2Fwp%2Fv2%2Fcomments&post=3135"}],"wp:featuredmedia":[{"embeddable":true,"href":"https:\/\/herbezou.fr\/index.php?rest_route=\/wp\/v2\/media\/3456"}],"wp:attachment":[{"href":"https:\/\/herbezou.fr\/index.php?rest_route=%2Fwp%2Fv2%2Fmedia&parent=3135"}],"wp:term":[{"taxonomy":"product_brand","embeddable":true,"href":"https:\/\/herbezou.fr\/index.php?rest_route=%2Fwp%2Fv2%2Fproduct_brand&post=3135"},{"taxonomy":"product_cat","embeddable":true,"href":"https:\/\/herbezou.fr\/index.php?rest_route=%2Fwp%2Fv2%2Fproduct_cat&post=3135"},{"taxonomy":"product_tag","embeddable":true,"href":"https:\/\/herbezou.fr\/index.php?rest_route=%2Fwp%2Fv2%2Fproduct_tag&post=3135"}],"curies":[{"name":"wp","href":"https:\/\/api.w.org\/{rel}","templated":true}]}}