{"id":3118,"date":"2021-11-06T18:19:29","date_gmt":"2021-11-06T17:19:29","guid":{"rendered":"http:\/\/herbezou.fr\/?post_type=product&#038;p=3118"},"modified":"2026-01-10T16:35:32","modified_gmt":"2026-01-10T15:35:32","slug":"respire","status":"publish","type":"product","link":"https:\/\/herbezou.fr\/?product=respire","title":{"rendered":"Respire"},"content":{"rendered":"","protected":false},"excerpt":{"rendered":"<h3>Fleurs de Sureau, Achill\u00e9e Millefeuille, Feuilles d&rsquo;Eucalyptus, Thym, Lierre Terrestre, baie de Gen\u00e9vrier, Racine de R\u00e9glisse<\/h3>\n<p>&nbsp;<\/p>\n<p>Confort respiratoire<\/p>\n<p><em>conseil de pr\u00e9paration\u00a0 :\u00a0 mettre les plantes dans l&rsquo;eau froide, faire chauffer le tout jusqu&rsquo;\u00e0 fr\u00e9missement, laisser infuser 5 \u00e0 10 minutes, filtrer<\/em><\/p>\n<p>petit sachet : 30g &#8211; soit environ 5 litres de tisane<\/p>\n<p>grand sachet : 60g &#8211; soit environ 10 litres de tisane<\/p>\n","protected":false},"featured_media":3461,"comment_status":"closed","ping_status":"closed","template":"","meta":[],"product_brand":[],"product_cat":[85],"product_tag":[],"class_list":{"0":"post-3118","1":"product","2":"type-product","3":"status-publish","4":"has-post-thumbnail","6":"product_cat-infusions-bien-etre","8":"first","9":"onbackorder","10":"featured","11":"shipping-taxable","12":"purchasable","13":"product-type-variable","14":"has-default-attributes"},"jetpack_sharing_enabled":true,"_links":{"self":[{"href":"https:\/\/herbezou.fr\/index.php?rest_route=\/wp\/v2\/product\/3118","targetHints":{"allow":["GET"]}}],"collection":[{"href":"https:\/\/herbezou.fr\/index.php?rest_route=\/wp\/v2\/product"}],"about":[{"href":"https:\/\/herbezou.fr\/index.php?rest_route=\/wp\/v2\/types\/product"}],"replies":[{"embeddable":true,"href":"https:\/\/herbezou.fr\/index.php?rest_route=%2Fwp%2Fv2%2Fcomments&post=3118"}],"wp:featuredmedia":[{"embeddable":true,"href":"https:\/\/herbezou.fr\/index.php?rest_route=\/wp\/v2\/media\/3461"}],"wp:attachment":[{"href":"https:\/\/herbezou.fr\/index.php?rest_route=%2Fwp%2Fv2%2Fmedia&parent=3118"}],"wp:term":[{"taxonomy":"product_brand","embeddable":true,"href":"https:\/\/herbezou.fr\/index.php?rest_route=%2Fwp%2Fv2%2Fproduct_brand&post=3118"},{"taxonomy":"product_cat","embeddable":true,"href":"https:\/\/herbezou.fr\/index.php?rest_route=%2Fwp%2Fv2%2Fproduct_cat&post=3118"},{"taxonomy":"product_tag","embeddable":true,"href":"https:\/\/herbezou.fr\/index.php?rest_route=%2Fwp%2Fv2%2Fproduct_tag&post=3118"}],"curies":[{"name":"wp","href":"https:\/\/api.w.org\/{rel}","templated":true}]}}