{"id":3109,"date":"2021-11-06T18:08:29","date_gmt":"2021-11-06T17:08:29","guid":{"rendered":"http:\/\/herbezou.fr\/?post_type=product&#038;p=3109"},"modified":"2023-01-22T10:57:52","modified_gmt":"2023-01-22T09:57:52","slug":"genevrier","status":"publish","type":"product","link":"https:\/\/herbezou.fr\/?product=genevrier","title":{"rendered":"Gen\u00e9vrier"},"content":{"rendered":"","protected":false},"excerpt":{"rendered":"<p>les baies de Geni\u00e8vre sont traditionnellement utilis\u00e9es en cuisine pour parfumer vos plats pr\u00e9f\u00e9r\u00e9s : plats en sauce, civets, choucroute, terrine, gibiers&#8230;<\/p>\n<p>&nbsp;<\/p>\n<p>C&rsquo;est \u00e9galement un rem\u00e8de de grand-m\u00e8re incontournable :<br \/>\nTentez une infusion Tonique et Stimulante !<br \/>\n\u00c9crasez une douzaine de baie de Geni\u00e8vre pour 1\/4 Litre d&rsquo;eau, portez \u00e0 \u00e9bullition et laissez infuser. A d\u00e9guster nature ou avec un peu de miel vous avez une tisane au go\u00fbt l\u00e9g\u00e8rement bois\u00e9e pour augmenter vos d\u00e9fenses naturelles.<\/p>\n<p>&nbsp;<\/p>\n<p>ingr\u00e9dients : baie de geni\u00e8vre<\/p>\n<p>conditionnement : pot 125ml &#8211; 35g<\/p>\n","protected":false},"featured_media":3380,"comment_status":"closed","ping_status":"closed","template":"","meta":[],"product_brand":[],"product_cat":[88,91],"product_tag":[],"class_list":{"0":"post-3109","1":"product","2":"type-product","3":"status-publish","4":"has-post-thumbnail","6":"product_cat-aromatiques-cuisine","7":"product_cat-plantes-simples","9":"first","10":"onbackorder","11":"featured","12":"shipping-taxable","13":"purchasable","14":"product-type-simple"},"jetpack_sharing_enabled":true,"_links":{"self":[{"href":"https:\/\/herbezou.fr\/index.php?rest_route=\/wp\/v2\/product\/3109","targetHints":{"allow":["GET"]}}],"collection":[{"href":"https:\/\/herbezou.fr\/index.php?rest_route=\/wp\/v2\/product"}],"about":[{"href":"https:\/\/herbezou.fr\/index.php?rest_route=\/wp\/v2\/types\/product"}],"replies":[{"embeddable":true,"href":"https:\/\/herbezou.fr\/index.php?rest_route=%2Fwp%2Fv2%2Fcomments&post=3109"}],"wp:featuredmedia":[{"embeddable":true,"href":"https:\/\/herbezou.fr\/index.php?rest_route=\/wp\/v2\/media\/3380"}],"wp:attachment":[{"href":"https:\/\/herbezou.fr\/index.php?rest_route=%2Fwp%2Fv2%2Fmedia&parent=3109"}],"wp:term":[{"taxonomy":"product_brand","embeddable":true,"href":"https:\/\/herbezou.fr\/index.php?rest_route=%2Fwp%2Fv2%2Fproduct_brand&post=3109"},{"taxonomy":"product_cat","embeddable":true,"href":"https:\/\/herbezou.fr\/index.php?rest_route=%2Fwp%2Fv2%2Fproduct_cat&post=3109"},{"taxonomy":"product_tag","embeddable":true,"href":"https:\/\/herbezou.fr\/index.php?rest_route=%2Fwp%2Fv2%2Fproduct_tag&post=3109"}],"curies":[{"name":"wp","href":"https:\/\/api.w.org\/{rel}","templated":true}]}}