{"id":3108,"date":"2021-11-06T17:53:37","date_gmt":"2021-11-06T16:53:37","guid":{"rendered":"http:\/\/herbezou.fr\/?post_type=product&#038;p=3108"},"modified":"2023-01-22T10:58:52","modified_gmt":"2023-01-22T09:58:52","slug":"bouquet-garni","status":"publish","type":"product","link":"https:\/\/herbezou.fr\/?product=bouquet-garni","title":{"rendered":"Bouquet Garni"},"content":{"rendered":"","protected":false},"excerpt":{"rendered":"<p>M\u00e9lange pratique de feuilles s\u00e9ch\u00e9es et coup\u00e9es pour assaisonner vos plats pr\u00e9f\u00e9r\u00e9s!<br \/>\nl&rsquo;essentiel du Bouquet Garni traditionnel hach\u00e9 et conditionn\u00e9 en pot pour plus de simplicit\u00e9.<\/p>\n<p>&nbsp;<\/p>\n<p>en pinc\u00e9e ou \u00e0 la petite cuill\u00e8re sur vos pr\u00e9parations culinaires : au four, en cocotte ou \u00e0 la po\u00eale.<\/p>\n<p>&nbsp;<\/p>\n<p>ingr\u00e9dients : feuilles de Laurier, Thym, Romarin et Sauge<\/p>\n<p>conditionnement : pot 125ml &#8211; 20g<\/p>\n","protected":false},"featured_media":3194,"comment_status":"closed","ping_status":"closed","template":"","meta":[],"product_brand":[],"product_cat":[88],"product_tag":[],"class_list":{"0":"post-3108","1":"product","2":"type-product","3":"status-publish","4":"has-post-thumbnail","6":"product_cat-aromatiques-cuisine","8":"first","9":"onbackorder","10":"featured","11":"shipping-taxable","12":"purchasable","13":"product-type-simple"},"jetpack_sharing_enabled":true,"_links":{"self":[{"href":"https:\/\/herbezou.fr\/index.php?rest_route=\/wp\/v2\/product\/3108","targetHints":{"allow":["GET"]}}],"collection":[{"href":"https:\/\/herbezou.fr\/index.php?rest_route=\/wp\/v2\/product"}],"about":[{"href":"https:\/\/herbezou.fr\/index.php?rest_route=\/wp\/v2\/types\/product"}],"replies":[{"embeddable":true,"href":"https:\/\/herbezou.fr\/index.php?rest_route=%2Fwp%2Fv2%2Fcomments&post=3108"}],"wp:featuredmedia":[{"embeddable":true,"href":"https:\/\/herbezou.fr\/index.php?rest_route=\/wp\/v2\/media\/3194"}],"wp:attachment":[{"href":"https:\/\/herbezou.fr\/index.php?rest_route=%2Fwp%2Fv2%2Fmedia&parent=3108"}],"wp:term":[{"taxonomy":"product_brand","embeddable":true,"href":"https:\/\/herbezou.fr\/index.php?rest_route=%2Fwp%2Fv2%2Fproduct_brand&post=3108"},{"taxonomy":"product_cat","embeddable":true,"href":"https:\/\/herbezou.fr\/index.php?rest_route=%2Fwp%2Fv2%2Fproduct_cat&post=3108"},{"taxonomy":"product_tag","embeddable":true,"href":"https:\/\/herbezou.fr\/index.php?rest_route=%2Fwp%2Fv2%2Fproduct_tag&post=3108"}],"curies":[{"name":"wp","href":"https:\/\/api.w.org\/{rel}","templated":true}]}}