{"id":3107,"date":"2021-11-06T17:51:03","date_gmt":"2021-11-06T16:51:03","guid":{"rendered":"http:\/\/herbezou.fr\/?post_type=product&#038;p=3107"},"modified":"2023-01-22T10:59:52","modified_gmt":"2023-01-22T09:59:52","slug":"ortie-sel-marin","status":"publish","type":"product","link":"https:\/\/herbezou.fr\/?product=ortie-sel-marin","title":{"rendered":"Ortie &#038; Sel marin"},"content":{"rendered":"","protected":false},"excerpt":{"rendered":"<p>doux, malgr\u00e9 ses piquants l&rsquo;ortie est l&rsquo;alli\u00e9 du sang,<\/p>\n<p>m\u00e9lang\u00e9 au sel il s&rsquo;utilise simplement, en s&rsquo;ins\u00e9rant dans votre cuisine.<\/p>\n<p>\u00e0 utiliser comme sel de table pour assaisonner salades, l\u00e9gumes et petits plats.<\/p>\n<p>&nbsp;<\/p>\n<p>ingr\u00e9dients : feuilles d&rsquo;ortie s\u00e9ch\u00e9es, sel marin<\/p>\n<p>conditionnement : pot 125ml &#8211; 75g<\/p>\n","protected":false},"featured_media":3196,"comment_status":"closed","ping_status":"closed","template":"","meta":[],"product_brand":[],"product_cat":[88],"product_tag":[],"class_list":{"0":"post-3107","1":"product","2":"type-product","3":"status-publish","4":"has-post-thumbnail","6":"product_cat-aromatiques-cuisine","8":"first","9":"onbackorder","10":"featured","11":"shipping-taxable","12":"purchasable","13":"product-type-simple"},"jetpack_sharing_enabled":true,"_links":{"self":[{"href":"https:\/\/herbezou.fr\/index.php?rest_route=\/wp\/v2\/product\/3107","targetHints":{"allow":["GET"]}}],"collection":[{"href":"https:\/\/herbezou.fr\/index.php?rest_route=\/wp\/v2\/product"}],"about":[{"href":"https:\/\/herbezou.fr\/index.php?rest_route=\/wp\/v2\/types\/product"}],"replies":[{"embeddable":true,"href":"https:\/\/herbezou.fr\/index.php?rest_route=%2Fwp%2Fv2%2Fcomments&post=3107"}],"wp:featuredmedia":[{"embeddable":true,"href":"https:\/\/herbezou.fr\/index.php?rest_route=\/wp\/v2\/media\/3196"}],"wp:attachment":[{"href":"https:\/\/herbezou.fr\/index.php?rest_route=%2Fwp%2Fv2%2Fmedia&parent=3107"}],"wp:term":[{"taxonomy":"product_brand","embeddable":true,"href":"https:\/\/herbezou.fr\/index.php?rest_route=%2Fwp%2Fv2%2Fproduct_brand&post=3107"},{"taxonomy":"product_cat","embeddable":true,"href":"https:\/\/herbezou.fr\/index.php?rest_route=%2Fwp%2Fv2%2Fproduct_cat&post=3107"},{"taxonomy":"product_tag","embeddable":true,"href":"https:\/\/herbezou.fr\/index.php?rest_route=%2Fwp%2Fv2%2Fproduct_tag&post=3107"}],"curies":[{"name":"wp","href":"https:\/\/api.w.org\/{rel}","templated":true}]}}