{"id":3105,"date":"2021-11-06T17:39:26","date_gmt":"2021-11-06T16:39:26","guid":{"rendered":"http:\/\/herbezou.fr\/?post_type=product&#038;p=3105"},"modified":"2023-01-22T11:00:33","modified_gmt":"2023-01-22T10:00:33","slug":"ail-des-ours-sel-marin","status":"publish","type":"product","link":"https:\/\/herbezou.fr\/?product=ail-des-ours-sel-marin","title":{"rendered":"Ail des Ours &#038; Sel marin"},"content":{"rendered":"","protected":false},"excerpt":{"rendered":"<p>une touche d\u2019ail tout en douceur.<\/p>\n<p>Ce sont les feuilles de cet Allium qui sont r\u00e9colt\u00e9es au printemps, s\u00e9ch\u00e9es et m\u00e9lang\u00e9es au sel.<\/p>\n<p>&nbsp;<\/p>\n<p>Les Ours se gavent de ces tapis de feuilles pour se purifier \u00e0 la sortie de l\u2019hiver, d\u2019o\u00f9 son nom Allium ursinum.<\/p>\n<p>&nbsp;<\/p>\n<p>\u00e0 utiliser comme sel de table pour assaisonner salades, oeufs, frites&#8230;<\/p>\n<p>&nbsp;<\/p>\n<p>ingr\u00e9dients : feuilles d&rsquo;ail des ours s\u00e9ch\u00e9, sel marin<\/p>\n<p>conditionnement : pot 125ml &#8211; 75g<\/p>\n","protected":false},"featured_media":3191,"comment_status":"closed","ping_status":"closed","template":"","meta":[],"product_brand":[],"product_cat":[88],"product_tag":[],"class_list":{"0":"post-3105","1":"product","2":"type-product","3":"status-publish","4":"has-post-thumbnail","6":"product_cat-aromatiques-cuisine","8":"first","9":"onbackorder","10":"featured","11":"shipping-taxable","12":"purchasable","13":"product-type-simple"},"jetpack_sharing_enabled":true,"_links":{"self":[{"href":"https:\/\/herbezou.fr\/index.php?rest_route=\/wp\/v2\/product\/3105","targetHints":{"allow":["GET"]}}],"collection":[{"href":"https:\/\/herbezou.fr\/index.php?rest_route=\/wp\/v2\/product"}],"about":[{"href":"https:\/\/herbezou.fr\/index.php?rest_route=\/wp\/v2\/types\/product"}],"replies":[{"embeddable":true,"href":"https:\/\/herbezou.fr\/index.php?rest_route=%2Fwp%2Fv2%2Fcomments&post=3105"}],"wp:featuredmedia":[{"embeddable":true,"href":"https:\/\/herbezou.fr\/index.php?rest_route=\/wp\/v2\/media\/3191"}],"wp:attachment":[{"href":"https:\/\/herbezou.fr\/index.php?rest_route=%2Fwp%2Fv2%2Fmedia&parent=3105"}],"wp:term":[{"taxonomy":"product_brand","embeddable":true,"href":"https:\/\/herbezou.fr\/index.php?rest_route=%2Fwp%2Fv2%2Fproduct_brand&post=3105"},{"taxonomy":"product_cat","embeddable":true,"href":"https:\/\/herbezou.fr\/index.php?rest_route=%2Fwp%2Fv2%2Fproduct_cat&post=3105"},{"taxonomy":"product_tag","embeddable":true,"href":"https:\/\/herbezou.fr\/index.php?rest_route=%2Fwp%2Fv2%2Fproduct_tag&post=3105"}],"curies":[{"name":"wp","href":"https:\/\/api.w.org\/{rel}","templated":true}]}}