{"id":3088,"date":"2021-11-06T16:36:25","date_gmt":"2021-11-06T15:36:25","guid":{"rendered":"http:\/\/herbezou.fr\/?post_type=product&#038;p=3088"},"modified":"2026-02-20T11:15:25","modified_gmt":"2026-02-20T10:15:25","slug":"la-digestive","status":"publish","type":"product","link":"https:\/\/herbezou.fr\/?product=la-digestive","title":{"rendered":"La digestive"},"content":{"rendered":"","protected":false},"excerpt":{"rendered":"<h3>Feuilles de Menthe, Verveine, Sauge, Romarin, Racines de R\u00e9glisse, Semences de Fenouil, Baies de Gen\u00e9vrier, Fleurs d&rsquo;Achill\u00e9e Millefeuille<\/h3>\n<h4><\/h4>\n<p>Contribue au confort digestif<\/p>\n<p>&nbsp;<\/p>\n<p>petit sachet : 30g &#8211; soit environ 5 litres de tisane<\/p>\n<p>grand sachet : 60g &#8211; soit environ 10 litres de tisane<\/p>\n","protected":false},"featured_media":3517,"comment_status":"closed","ping_status":"closed","template":"","meta":[],"product_brand":[],"product_cat":[85],"product_tag":[],"class_list":{"0":"post-3088","1":"product","2":"type-product","3":"status-publish","4":"has-post-thumbnail","6":"product_cat-infusions-bien-etre","8":"first","9":"onbackorder","10":"featured","11":"shipping-taxable","12":"purchasable","13":"product-type-variable","14":"has-default-attributes"},"jetpack_sharing_enabled":true,"_links":{"self":[{"href":"https:\/\/herbezou.fr\/index.php?rest_route=\/wp\/v2\/product\/3088","targetHints":{"allow":["GET"]}}],"collection":[{"href":"https:\/\/herbezou.fr\/index.php?rest_route=\/wp\/v2\/product"}],"about":[{"href":"https:\/\/herbezou.fr\/index.php?rest_route=\/wp\/v2\/types\/product"}],"replies":[{"embeddable":true,"href":"https:\/\/herbezou.fr\/index.php?rest_route=%2Fwp%2Fv2%2Fcomments&post=3088"}],"wp:featuredmedia":[{"embeddable":true,"href":"https:\/\/herbezou.fr\/index.php?rest_route=\/wp\/v2\/media\/3517"}],"wp:attachment":[{"href":"https:\/\/herbezou.fr\/index.php?rest_route=%2Fwp%2Fv2%2Fmedia&parent=3088"}],"wp:term":[{"taxonomy":"product_brand","embeddable":true,"href":"https:\/\/herbezou.fr\/index.php?rest_route=%2Fwp%2Fv2%2Fproduct_brand&post=3088"},{"taxonomy":"product_cat","embeddable":true,"href":"https:\/\/herbezou.fr\/index.php?rest_route=%2Fwp%2Fv2%2Fproduct_cat&post=3088"},{"taxonomy":"product_tag","embeddable":true,"href":"https:\/\/herbezou.fr\/index.php?rest_route=%2Fwp%2Fv2%2Fproduct_tag&post=3088"}],"curies":[{"name":"wp","href":"https:\/\/api.w.org\/{rel}","templated":true}]}}