{"id":507,"date":"2017-01-10T22:27:32","date_gmt":"2017-01-10T22:27:32","guid":{"rendered":"http:\/\/import.getbowtied.com\/shopkeeper-replica?page_id=507"},"modified":"2026-01-10T15:18:56","modified_gmt":"2026-01-10T14:18:56","slug":"ou-me-trouver","status":"publish","type":"page","link":"https:\/\/herbezou.fr\/?page_id=507","title":{"rendered":"O\u00f9 me trouver ?"},"content":{"rendered":"<p>[vc_row type=\u00a0\u00bbboxed\u00a0\u00bb css=\u00a0\u00bb.vc_custom_1484861726752{margin-top: 125px !important;margin-bottom: 75px !important;}\u00a0\u00bb][vc_column width=\u00a0\u00bb1\/2&Prime;][vc_single_image image=\u00a0\u00bb3409&Prime; img_size=\u00a0\u00bbfull\u00a0\u00bb alignment=\u00a0\u00bbcenter\u00a0\u00bb][\/vc_column][vc_column width=\u00a0\u00bb1\/2&Prime;][vc_column_text]<\/p>\n<h3>toute l&rsquo;ann\u00e9e<\/h3>\n<p>Sur rendez-vous 06 74 85 17 82<\/p>\n<p>Samedi matin : march\u00e9 Albi &#8211; place Pelloutier<\/p>\n<h3><\/h3>\n<h3>march\u00e9s d&rsquo;\u00e9t\u00e9<\/h3>\n<p>Mardi soir : march\u00e9 Salles-Curan<\/p>\n<p>Mercredi soir : march\u00e9 Pont-de-Salars<\/p>\n<p>Dimanche matin : march\u00e9 Villefranche-de-Panat<\/p>\n<h4><\/h4>\n<h3>envoi colissimo possible<\/h3>\n<p>envoyez votre commande \u00e0 herbezou@gmail.com[\/vc_column_text][\/vc_column][\/vc_row]<\/p>\n","protected":false},"excerpt":{"rendered":"<p>[vc_row type=\u00a0\u00bbboxed\u00a0\u00bb css=\u00a0\u00bb.vc_custom_1484861726752{margin-top: 125px !important;margin-bottom: 75px !important;}\u00a0\u00bb][vc_column width=\u00a0\u00bb1\/2&Prime;][vc_single_image image=\u00a0\u00bb3409&Prime; img_size=\u00a0\u00bbfull\u00a0\u00bb alignment=\u00a0\u00bbcenter\u00a0\u00bb][\/vc_column][vc_column width=\u00a0\u00bb1\/2&Prime;][vc_column_text] toute l&rsquo;ann\u00e9e Sur rendez-vous 06 74 85 17 82 Samedi matin : march\u00e9 Albi &#8211; place Pelloutier march\u00e9s d&rsquo;\u00e9t\u00e9 Mardi soir : march\u00e9 Salles-Curan Mercredi soir : march\u00e9 Pont-de-Salars Dimanche matin : march\u00e9 Villefranche-de-Panat envoi colissimo possible envoyez votre commande \u00e0 herbezou@gmail.com[\/vc_column_text][\/vc_column][\/vc_row]<\/p>\n","protected":false},"author":1,"featured_media":0,"parent":0,"menu_order":0,"comment_status":"closed","ping_status":"closed","template":"page-boxed.php","meta":{"footnotes":""},"class_list":["post-507","page","type-page","status-publish","hentry"],"jetpack_sharing_enabled":true,"_links":{"self":[{"href":"https:\/\/herbezou.fr\/index.php?rest_route=\/wp\/v2\/pages\/507","targetHints":{"allow":["GET"]}}],"collection":[{"href":"https:\/\/herbezou.fr\/index.php?rest_route=\/wp\/v2\/pages"}],"about":[{"href":"https:\/\/herbezou.fr\/index.php?rest_route=\/wp\/v2\/types\/page"}],"author":[{"embeddable":true,"href":"https:\/\/herbezou.fr\/index.php?rest_route=\/wp\/v2\/users\/1"}],"replies":[{"embeddable":true,"href":"https:\/\/herbezou.fr\/index.php?rest_route=%2Fwp%2Fv2%2Fcomments&post=507"}],"version-history":[{"count":4,"href":"https:\/\/herbezou.fr\/index.php?rest_route=\/wp\/v2\/pages\/507\/revisions"}],"predecessor-version":[{"id":3448,"href":"https:\/\/herbezou.fr\/index.php?rest_route=\/wp\/v2\/pages\/507\/revisions\/3448"}],"wp:attachment":[{"href":"https:\/\/herbezou.fr\/index.php?rest_route=%2Fwp%2Fv2%2Fmedia&parent=507"}],"curies":[{"name":"wp","href":"https:\/\/api.w.org\/{rel}","templated":true}]}}